{"id":11,"date":"2024-07-05T14:54:39","date_gmt":"2024-07-05T14:54:39","guid":{"rendered":"https:\/\/sanari2021.rkinformatika.online\/?page_id=11"},"modified":"2024-07-08T09:40:05","modified_gmt":"2024-07-08T09:40:05","slug":"servicios","status":"publish","type":"page","link":"https:\/\/sanari2021.eus\/eus\/servicios\/","title":{"rendered":"Zerbitzuak"},"content":{"rendered":"<div data-elementor-type=\"wp-page\" data-elementor-id=\"11\" class=\"elementor elementor-11\" data-elementor-post-type=\"page\">\n\t\t\t\t\t\t<section class=\"elementor-section elementor-top-section elementor-element elementor-element-823eb48 elementor-section-boxed elementor-section-height-default elementor-section-height-default\" data-id=\"823eb48\" data-element_type=\"section\" data-e-type=\"section\" data-settings=\"{&quot;background_background&quot;:&quot;classic&quot;}\">\n\t\t\t\t\t\t\t<div class=\"elementor-background-overlay\"><\/div>\n\t\t\t\t\t\t\t<div class=\"elementor-container elementor-column-gap-default\">\n\t\t\t\t\t<div class=\"elementor-column elementor-col-100 elementor-top-column elementor-element elementor-element-56e1247\" data-id=\"56e1247\" data-element_type=\"column\" data-e-type=\"column\">\n\t\t\t<div class=\"elementor-widget-wrap\">\n\t\t\t\t\t\t\t<\/div>\n\t\t<\/div>\n\t\t\t\t\t<\/div>\n\t\t<\/section>\n\t\t<div class=\"elementor-element elementor-element-ccb4a42 e-con-full e-flex e-con e-parent\" data-id=\"ccb4a42\" data-element_type=\"container\" data-e-type=\"container\" data-settings=\"{&quot;background_background&quot;:&quot;classic&quot;,&quot;shape_divider_bottom&quot;:&quot;triangle&quot;}\">\n\t\t\t\t<div class=\"elementor-shape elementor-shape-bottom\" aria-hidden=\"true\" data-negative=\"false\">\n\t\t\t<svg xmlns=\"http:\/\/www.w3.org\/2000\/svg\" viewbox=\"0 0 1000 100\" preserveaspectratio=\"none\">\n\t<path class=\"elementor-shape-fill\" d=\"M500,98.9L0,6.1V0h1000v6.1L500,98.9z\"\/>\n<\/svg>\t\t<\/div>\n\t\t<div class=\"elementor-element elementor-element-4b89b40 e-flex e-con-boxed e-con e-child\" data-id=\"4b89b40\" data-element_type=\"container\" data-e-type=\"container\">\n\t\t\t\t\t<div class=\"e-con-inner\">\n\t\t\t\t<div class=\"elementor-element elementor-element-78bd13a elementor-widget-mobile__width-initial elementor-widget elementor-widget-heading\" data-id=\"78bd13a\" data-element_type=\"widget\" data-e-type=\"widget\" data-widget_type=\"heading.default\">\n\t\t\t\t<div class=\"elementor-widget-container\">\n\t\t\t\t\t<h2 class=\"elementor-heading-title elementor-size-default\">Nuestros Servicios<\/h2>\t\t\t\t<\/div>\n\t\t\t\t<\/div>\n\t\t\t\t\t<\/div>\n\t\t\t\t<\/div>\n\t\t<div class=\"elementor-element elementor-element-51ca5df e-con-full e-flex e-con e-child\" data-id=\"51ca5df\" data-element_type=\"container\" data-e-type=\"container\">\n\t\t<div class=\"elementor-element elementor-element-c60e59d e-con-full e-flex elementor-invisible e-con e-child\" data-id=\"c60e59d\" data-element_type=\"container\" data-e-type=\"container\" data-settings=\"{&quot;animation&quot;:&quot;fadeInUp&quot;}\">\n\t\t\t\t<div class=\"elementor-element elementor-element-5cb6739 elementor-widget elementor-widget-image\" data-id=\"5cb6739\" data-element_type=\"widget\" data-e-type=\"widget\" data-widget_type=\"image.default\">\n\t\t\t\t<div class=\"elementor-widget-container\">\n\t\t\t\t\t\t\t\t\t\t\t\t\t\t\t<img fetchpriority=\"high\" decoding=\"async\" width=\"512\" height=\"512\" src=\"https:\/\/sanari2021.eus\/wp-content\/uploads\/2024\/07\/business_12143020.png\" class=\"attachment-large size-large wp-image-270\" alt=\"\" srcset=\"https:\/\/sanari2021.eus\/wp-content\/uploads\/2024\/07\/business_12143020.png 512w, https:\/\/sanari2021.eus\/wp-content\/uploads\/2024\/07\/business_12143020-300x300.png 300w, https:\/\/sanari2021.eus\/wp-content\/uploads\/2024\/07\/business_12143020-150x150.png 150w, https:\/\/sanari2021.eus\/wp-content\/uploads\/2024\/07\/business_12143020-12x12.png 12w\" sizes=\"(max-width: 512px) 100vw, 512px\" \/>\t\t\t\t\t\t\t\t\t\t\t\t\t\t\t<\/div>\n\t\t\t\t<\/div>\n\t\t\t\t<div class=\"elementor-element elementor-element-e58996f elementor-cta--valign-middle elementor-cta--skin-classic elementor-animated-content elementor-bg-transform elementor-bg-transform-zoom-in elementor-widget elementor-widget-call-to-action\" data-id=\"e58996f\" data-element_type=\"widget\" data-e-type=\"widget\" data-widget_type=\"call-to-action.default\">\n\t\t\t\t<div class=\"elementor-widget-container\">\n\t\t\t\t\t\t\t<div class=\"elementor-cta\">\n\t\t\t\t\t\t\t<div class=\"elementor-cta__content\">\n\t\t\t\t\n\t\t\t\t\t\t\t\t\t<h3 class=\"elementor-cta__title elementor-cta__content-item elementor-content-item\">\n\t\t\t\t\t\tAsesor\u00eda Financiera\t\t\t\t\t<\/h3>\n\t\t\t\t\n\t\t\t\t\n\t\t\t\t\t\t\t<\/div>\n\t\t\t\t\t\t<\/div>\n\t\t\t\t\t\t<\/div>\n\t\t\t\t<\/div>\n\t\t\t\t<\/div>\n\t\t<div class=\"elementor-element elementor-element-de627be e-con-full e-flex elementor-invisible e-con e-child\" data-id=\"de627be\" data-element_type=\"container\" data-e-type=\"container\" data-settings=\"{&quot;animation&quot;:&quot;fadeInUp&quot;}\">\n\t\t\t\t<div class=\"elementor-element elementor-element-88fee2b elementor-widget elementor-widget-image\" data-id=\"88fee2b\" data-element_type=\"widget\" data-e-type=\"widget\" data-widget_type=\"image.default\">\n\t\t\t\t<div class=\"elementor-widget-container\">\n\t\t\t\t\t\t\t\t\t\t\t\t\t\t\t<img decoding=\"async\" width=\"512\" height=\"512\" src=\"https:\/\/sanari2021.eus\/wp-content\/uploads\/2024\/07\/planning_12140222.png\" class=\"attachment-large size-large wp-image-274\" alt=\"\" srcset=\"https:\/\/sanari2021.eus\/wp-content\/uploads\/2024\/07\/planning_12140222.png 512w, https:\/\/sanari2021.eus\/wp-content\/uploads\/2024\/07\/planning_12140222-300x300.png 300w, https:\/\/sanari2021.eus\/wp-content\/uploads\/2024\/07\/planning_12140222-150x150.png 150w, https:\/\/sanari2021.eus\/wp-content\/uploads\/2024\/07\/planning_12140222-12x12.png 12w\" sizes=\"(max-width: 512px) 100vw, 512px\" \/>\t\t\t\t\t\t\t\t\t\t\t\t\t\t\t<\/div>\n\t\t\t\t<\/div>\n\t\t\t\t<div class=\"elementor-element elementor-element-5b23aa1 elementor-cta--valign-middle elementor-cta--skin-classic elementor-animated-content elementor-bg-transform elementor-bg-transform-zoom-in elementor-widget elementor-widget-call-to-action\" data-id=\"5b23aa1\" data-element_type=\"widget\" data-e-type=\"widget\" data-widget_type=\"call-to-action.default\">\n\t\t\t\t<div class=\"elementor-widget-container\">\n\t\t\t\t\t\t\t<div class=\"elementor-cta\">\n\t\t\t\t\t\t\t<div class=\"elementor-cta__content\">\n\t\t\t\t\n\t\t\t\t\t\t\t\t\t<h3 class=\"elementor-cta__title elementor-cta__content-item elementor-content-item\">\n\t\t\t\t\t\tPlanificaci\u00f3n Estrat\u00e9gica\t\t\t\t\t<\/h3>\n\t\t\t\t\n\t\t\t\t\n\t\t\t\t\t\t\t<\/div>\n\t\t\t\t\t\t<\/div>\n\t\t\t\t\t\t<\/div>\n\t\t\t\t<\/div>\n\t\t\t\t<\/div>\n\t\t<div class=\"elementor-element elementor-element-3f8c750 e-con-full e-flex elementor-invisible e-con e-child\" data-id=\"3f8c750\" data-element_type=\"container\" data-e-type=\"container\" data-settings=\"{&quot;animation&quot;:&quot;fadeInUp&quot;}\">\n\t\t\t\t<div class=\"elementor-element elementor-element-aeda42e elementor-widget elementor-widget-image\" data-id=\"aeda42e\" data-element_type=\"widget\" data-e-type=\"widget\" data-widget_type=\"image.default\">\n\t\t\t\t<div class=\"elementor-widget-container\">\n\t\t\t\t\t\t\t\t\t\t\t\t\t\t\t<img decoding=\"async\" width=\"512\" height=\"512\" src=\"https:\/\/sanari2021.eus\/wp-content\/uploads\/2024\/07\/analytics_6012489.png\" class=\"attachment-large size-large wp-image-269\" alt=\"\" srcset=\"https:\/\/sanari2021.eus\/wp-content\/uploads\/2024\/07\/analytics_6012489.png 512w, https:\/\/sanari2021.eus\/wp-content\/uploads\/2024\/07\/analytics_6012489-300x300.png 300w, https:\/\/sanari2021.eus\/wp-content\/uploads\/2024\/07\/analytics_6012489-150x150.png 150w, https:\/\/sanari2021.eus\/wp-content\/uploads\/2024\/07\/analytics_6012489-12x12.png 12w\" sizes=\"(max-width: 512px) 100vw, 512px\" \/>\t\t\t\t\t\t\t\t\t\t\t\t\t\t\t<\/div>\n\t\t\t\t<\/div>\n\t\t\t\t<div class=\"elementor-element elementor-element-eda1eef elementor-cta--valign-middle elementor-cta--skin-classic elementor-animated-content elementor-bg-transform elementor-bg-transform-zoom-in elementor-widget elementor-widget-call-to-action\" data-id=\"eda1eef\" data-element_type=\"widget\" data-e-type=\"widget\" data-widget_type=\"call-to-action.default\">\n\t\t\t\t<div class=\"elementor-widget-container\">\n\t\t\t\t\t\t\t<div class=\"elementor-cta\">\n\t\t\t\t\t\t\t<div class=\"elementor-cta__content\">\n\t\t\t\t\n\t\t\t\t\t\t\t\t\t<h3 class=\"elementor-cta__title elementor-cta__content-item elementor-content-item\">\n\t\t\t\t\t\tAn\u00e1lisis de Mercado\t\t\t\t\t<\/h3>\n\t\t\t\t\n\t\t\t\t\n\t\t\t\t\t\t\t<\/div>\n\t\t\t\t\t\t<\/div>\n\t\t\t\t\t\t<\/div>\n\t\t\t\t<\/div>\n\t\t\t\t<\/div>\n\t\t\t\t<\/div>\n\t\t<div class=\"elementor-element elementor-element-87b0718 e-con-full e-flex e-con e-child\" data-id=\"87b0718\" data-element_type=\"container\" data-e-type=\"container\">\n\t\t<div class=\"elementor-element elementor-element-c2c2668 e-con-full e-flex elementor-invisible e-con e-child\" data-id=\"c2c2668\" data-element_type=\"container\" data-e-type=\"container\" data-settings=\"{&quot;animation&quot;:&quot;fadeInUp&quot;}\">\n\t\t\t\t<div class=\"elementor-element elementor-element-8ff747a elementor-widget elementor-widget-image\" data-id=\"8ff747a\" data-element_type=\"widget\" data-e-type=\"widget\" data-widget_type=\"image.default\">\n\t\t\t\t<div class=\"elementor-widget-container\">\n\t\t\t\t\t\t\t\t\t\t\t\t\t\t\t<img loading=\"lazy\" decoding=\"async\" width=\"512\" height=\"512\" src=\"https:\/\/sanari2021.eus\/wp-content\/uploads\/2024\/07\/gear_999429.png\" class=\"attachment-large size-large wp-image-272\" alt=\"\" srcset=\"https:\/\/sanari2021.eus\/wp-content\/uploads\/2024\/07\/gear_999429.png 512w, https:\/\/sanari2021.eus\/wp-content\/uploads\/2024\/07\/gear_999429-300x300.png 300w, https:\/\/sanari2021.eus\/wp-content\/uploads\/2024\/07\/gear_999429-150x150.png 150w, https:\/\/sanari2021.eus\/wp-content\/uploads\/2024\/07\/gear_999429-12x12.png 12w\" sizes=\"(max-width: 512px) 100vw, 512px\" \/>\t\t\t\t\t\t\t\t\t\t\t\t\t\t\t<\/div>\n\t\t\t\t<\/div>\n\t\t\t\t<div class=\"elementor-element elementor-element-77f57bb elementor-cta--valign-middle elementor-cta--skin-classic elementor-animated-content elementor-bg-transform elementor-bg-transform-zoom-in elementor-widget elementor-widget-call-to-action\" data-id=\"77f57bb\" data-element_type=\"widget\" data-e-type=\"widget\" data-widget_type=\"call-to-action.default\">\n\t\t\t\t<div class=\"elementor-widget-container\">\n\t\t\t\t\t\t\t<div class=\"elementor-cta\">\n\t\t\t\t\t\t\t<div class=\"elementor-cta__content\">\n\t\t\t\t\n\t\t\t\t\t\t\t\t\t<h3 class=\"elementor-cta__title elementor-cta__content-item elementor-content-item\">\n\t\t\t\t\t\tMejora Operativa\t\t\t\t\t<\/h3>\n\t\t\t\t\n\t\t\t\t\n\t\t\t\t\t\t\t<\/div>\n\t\t\t\t\t\t<\/div>\n\t\t\t\t\t\t<\/div>\n\t\t\t\t<\/div>\n\t\t\t\t<\/div>\n\t\t<div class=\"elementor-element elementor-element-22d2cde e-con-full e-flex elementor-invisible e-con e-child\" data-id=\"22d2cde\" data-element_type=\"container\" data-e-type=\"container\" data-settings=\"{&quot;animation&quot;:&quot;fadeInUp&quot;}\">\n\t\t\t\t<div class=\"elementor-element elementor-element-d44bf96 elementor-widget elementor-widget-image\" data-id=\"d44bf96\" data-element_type=\"widget\" data-e-type=\"widget\" data-widget_type=\"image.default\">\n\t\t\t\t<div class=\"elementor-widget-container\">\n\t\t\t\t\t\t\t\t\t\t\t\t\t\t\t<img loading=\"lazy\" decoding=\"async\" width=\"512\" height=\"512\" src=\"https:\/\/sanari2021.eus\/wp-content\/uploads\/2024\/07\/support-services_5341845.png\" class=\"attachment-large size-large wp-image-275\" alt=\"\" srcset=\"https:\/\/sanari2021.eus\/wp-content\/uploads\/2024\/07\/support-services_5341845.png 512w, https:\/\/sanari2021.eus\/wp-content\/uploads\/2024\/07\/support-services_5341845-300x300.png 300w, https:\/\/sanari2021.eus\/wp-content\/uploads\/2024\/07\/support-services_5341845-150x150.png 150w, https:\/\/sanari2021.eus\/wp-content\/uploads\/2024\/07\/support-services_5341845-12x12.png 12w\" sizes=\"(max-width: 512px) 100vw, 512px\" \/>\t\t\t\t\t\t\t\t\t\t\t\t\t\t\t<\/div>\n\t\t\t\t<\/div>\n\t\t\t\t<div class=\"elementor-element elementor-element-b792111 elementor-cta--valign-middle elementor-cta--skin-classic elementor-animated-content elementor-bg-transform elementor-bg-transform-zoom-in elementor-widget elementor-widget-call-to-action\" data-id=\"b792111\" data-element_type=\"widget\" data-e-type=\"widget\" data-widget_type=\"call-to-action.default\">\n\t\t\t\t<div class=\"elementor-widget-container\">\n\t\t\t\t\t\t\t<div class=\"elementor-cta\">\n\t\t\t\t\t\t\t<div class=\"elementor-cta__content\">\n\t\t\t\t\n\t\t\t\t\t\t\t\t\t<h3 class=\"elementor-cta__title elementor-cta__content-item elementor-content-item\">\n\t\t\t\t\t\tConsultor\u00eda en Tecnolog\u00eda e IT\t\t\t\t\t<\/h3>\n\t\t\t\t\n\t\t\t\t\n\t\t\t\t\t\t\t<\/div>\n\t\t\t\t\t\t<\/div>\n\t\t\t\t\t\t<\/div>\n\t\t\t\t<\/div>\n\t\t\t\t<\/div>\n\t\t\t\t<\/div>\n\t\t\t\t<\/div>\n\t\t\t\t<section class=\"elementor-section elementor-top-section elementor-element elementor-element-a1deb80 elementor-section-full_width elementor-section-height-default elementor-section-height-default\" data-id=\"a1deb80\" data-element_type=\"section\" data-e-type=\"section\" data-settings=\"{&quot;background_background&quot;:&quot;classic&quot;}\">\n\t\t\t\t\t\t\t<div class=\"elementor-background-overlay\"><\/div>\n\t\t\t\t\t\t\t<div class=\"elementor-container elementor-column-gap-default\">\n\t\t\t\t\t<div class=\"elementor-column elementor-col-100 elementor-top-column elementor-element elementor-element-c08b1e2 elementor-invisible\" data-id=\"c08b1e2\" data-element_type=\"column\" data-e-type=\"column\" data-settings=\"{&quot;animation&quot;:&quot;fadeIn&quot;}\">\n\t\t\t<div class=\"elementor-widget-wrap elementor-element-populated\">\n\t\t\t\t\t\t<div class=\"elementor-element elementor-element-3a6a1cb elementor-widget elementor-widget-text-editor\" data-id=\"3a6a1cb\" data-element_type=\"widget\" data-e-type=\"widget\" data-widget_type=\"text-editor.default\">\n\t\t\t\t<div class=\"elementor-widget-container\">\n\t\t\t\t\t\t\t\t\t<p>\u00a1Optimice su rendimiento empresarial ahora! \u00a1Cont\u00e1ctenos hoy mismo!<\/p>\t\t\t\t\t\t\t\t<\/div>\n\t\t\t\t<\/div>\n\t\t\t\t<div class=\"elementor-element elementor-element-dc32a84 elementor-align-center elementor-widget elementor-widget-button\" data-id=\"dc32a84\" data-element_type=\"widget\" data-e-type=\"widget\" data-widget_type=\"button.default\">\n\t\t\t\t<div class=\"elementor-widget-container\">\n\t\t\t\t\t\t\t\t\t<div class=\"elementor-button-wrapper\">\n\t\t\t\t\t<a class=\"elementor-button elementor-button-link elementor-size-sm\" href=\"tel:%20695%20700%20917\">\n\t\t\t\t\t\t<span class=\"elementor-button-content-wrapper\">\n\t\t\t\t\t\t\t\t\t<span class=\"elementor-button-text\">Llamar<\/span>\n\t\t\t\t\t<\/span>\n\t\t\t\t\t<\/a>\n\t\t\t\t<\/div>\n\t\t\t\t\t\t\t\t<\/div>\n\t\t\t\t<\/div>\n\t\t\t\t\t<\/div>\n\t\t<\/div>\n\t\t\t\t\t<\/div>\n\t\t<\/section>\n\t\t\t\t<\/div>","protected":false},"excerpt":{"rendered":"<p>Nuestros Servicios Asesor\u00eda Financiera Planificaci\u00f3n Estrat\u00e9gica An\u00e1lisis de Mercado Mejora Operativa Consultor\u00eda en Tecnolog\u00eda e IT \u00a1Optimice su rendimiento empresarial ahora! \u00a1Cont\u00e1ctenos hoy mismo! Llamar<\/p>","protected":false},"author":1,"featured_media":0,"parent":0,"menu_order":0,"comment_status":"closed","ping_status":"closed","template":"elementor_canvas","meta":{"footnotes":""},"class_list":["post-11","page","type-page","status-publish","hentry"],"yoast_head":"<!-- This site is optimized with the Yoast SEO plugin v27.5 - https:\/\/yoast.com\/product\/yoast-seo-wordpress\/ -->\n<title>Servicios - San-Ari 2021 S.L.<\/title>\n<meta name=\"robots\" content=\"index, follow, max-snippet:-1, max-image-preview:large, max-video-preview:-1\" \/>\n<link rel=\"canonical\" href=\"https:\/\/sanari2021.eus\/eus\/servicios\/\" \/>\n<meta property=\"og:locale\" content=\"en_US\" \/>\n<meta property=\"og:type\" content=\"article\" \/>\n<meta property=\"og:title\" content=\"Servicios - San-Ari 2021 S.L.\" \/>\n<meta property=\"og:description\" content=\"Nuestros Servicios Asesor\u00eda Financiera Planificaci\u00f3n Estrat\u00e9gica An\u00e1lisis de Mercado Mejora Operativa Consultor\u00eda en Tecnolog\u00eda e IT \u00a1Optimice su rendimiento empresarial ahora! \u00a1Cont\u00e1ctenos hoy mismo! Llamar\" \/>\n<meta property=\"og:url\" content=\"https:\/\/sanari2021.eus\/eus\/servicios\/\" \/>\n<meta property=\"og:site_name\" content=\"San-Ari 2021 S.L.\" \/>\n<meta property=\"article:modified_time\" content=\"2024-07-08T09:40:05+00:00\" \/>\n<meta property=\"og:image\" content=\"https:\/\/sanari2021.eus\/wp-content\/uploads\/2024\/07\/business_12143020.png\" \/>\n<meta name=\"twitter:card\" content=\"summary_large_image\" \/>\n<meta name=\"twitter:label1\" content=\"Est. reading time\" \/>\n\t<meta name=\"twitter:data1\" content=\"1 minutua\" \/>\n<script type=\"application\/ld+json\" class=\"yoast-schema-graph\">{\"@context\":\"https:\\\/\\\/schema.org\",\"@graph\":[{\"@type\":\"WebPage\",\"@id\":\"https:\\\/\\\/sanari2021.eus\\\/servicios\\\/\",\"url\":\"https:\\\/\\\/sanari2021.eus\\\/servicios\\\/\",\"name\":\"Servicios - San-Ari 2021 S.L.\",\"isPartOf\":{\"@id\":\"https:\\\/\\\/sanari2021.eus\\\/#website\"},\"primaryImageOfPage\":{\"@id\":\"https:\\\/\\\/sanari2021.eus\\\/servicios\\\/#primaryimage\"},\"image\":{\"@id\":\"https:\\\/\\\/sanari2021.eus\\\/servicios\\\/#primaryimage\"},\"thumbnailUrl\":\"https:\\\/\\\/sanari2021.eus\\\/wp-content\\\/uploads\\\/2024\\\/07\\\/business_12143020.png\",\"datePublished\":\"2024-07-05T14:54:39+00:00\",\"dateModified\":\"2024-07-08T09:40:05+00:00\",\"breadcrumb\":{\"@id\":\"https:\\\/\\\/sanari2021.eus\\\/servicios\\\/#breadcrumb\"},\"inLanguage\":\"eu\",\"potentialAction\":[{\"@type\":\"ReadAction\",\"target\":[\"https:\\\/\\\/sanari2021.eus\\\/servicios\\\/\"]}]},{\"@type\":\"ImageObject\",\"inLanguage\":\"eu\",\"@id\":\"https:\\\/\\\/sanari2021.eus\\\/servicios\\\/#primaryimage\",\"url\":\"https:\\\/\\\/sanari2021.eus\\\/wp-content\\\/uploads\\\/2024\\\/07\\\/business_12143020.png\",\"contentUrl\":\"https:\\\/\\\/sanari2021.eus\\\/wp-content\\\/uploads\\\/2024\\\/07\\\/business_12143020.png\"},{\"@type\":\"BreadcrumbList\",\"@id\":\"https:\\\/\\\/sanari2021.eus\\\/servicios\\\/#breadcrumb\",\"itemListElement\":[{\"@type\":\"ListItem\",\"position\":1,\"name\":\"Portada\",\"item\":\"https:\\\/\\\/sanari2021.eus\\\/\"},{\"@type\":\"ListItem\",\"position\":2,\"name\":\"Servicios\"}]},{\"@type\":\"WebSite\",\"@id\":\"https:\\\/\\\/sanari2021.eus\\\/#website\",\"url\":\"https:\\\/\\\/sanari2021.eus\\\/\",\"name\":\"San-Ari 2021 S.L.\",\"description\":\"\",\"publisher\":{\"@id\":\"https:\\\/\\\/sanari2021.eus\\\/#organization\"},\"potentialAction\":[{\"@type\":\"SearchAction\",\"target\":{\"@type\":\"EntryPoint\",\"urlTemplate\":\"https:\\\/\\\/sanari2021.eus\\\/?s={search_term_string}\"},\"query-input\":{\"@type\":\"PropertyValueSpecification\",\"valueRequired\":true,\"valueName\":\"search_term_string\"}}],\"inLanguage\":\"eu\"},{\"@type\":\"Organization\",\"@id\":\"https:\\\/\\\/sanari2021.eus\\\/#organization\",\"name\":\"San-Ari 2021 S.L.\",\"url\":\"https:\\\/\\\/sanari2021.eus\\\/\",\"logo\":{\"@type\":\"ImageObject\",\"inLanguage\":\"eu\",\"@id\":\"https:\\\/\\\/sanari2021.eus\\\/#\\\/schema\\\/logo\\\/image\\\/\",\"url\":\"https:\\\/\\\/sanari2021.eus\\\/wp-content\\\/uploads\\\/2024\\\/07\\\/cropped-LogoSanAri-San-Ari-2021-01.png\",\"contentUrl\":\"https:\\\/\\\/sanari2021.eus\\\/wp-content\\\/uploads\\\/2024\\\/07\\\/cropped-LogoSanAri-San-Ari-2021-01.png\",\"width\":182,\"height\":52,\"caption\":\"San-Ari 2021 S.L.\"},\"image\":{\"@id\":\"https:\\\/\\\/sanari2021.eus\\\/#\\\/schema\\\/logo\\\/image\\\/\"}}]}<\/script>\n<!-- \/ Yoast SEO plugin. -->","yoast_head_json":{"title":"Servicios - San-Ari 2021 S.L.","robots":{"index":"index","follow":"follow","max-snippet":"max-snippet:-1","max-image-preview":"max-image-preview:large","max-video-preview":"max-video-preview:-1"},"canonical":"https:\/\/sanari2021.eus\/eus\/servicios\/","og_locale":"en_US","og_type":"article","og_title":"Servicios - San-Ari 2021 S.L.","og_description":"Nuestros Servicios Asesor\u00eda Financiera Planificaci\u00f3n Estrat\u00e9gica An\u00e1lisis de Mercado Mejora Operativa Consultor\u00eda en Tecnolog\u00eda e IT \u00a1Optimice su rendimiento empresarial ahora! \u00a1Cont\u00e1ctenos hoy mismo! Llamar","og_url":"https:\/\/sanari2021.eus\/eus\/servicios\/","og_site_name":"San-Ari 2021 S.L.","article_modified_time":"2024-07-08T09:40:05+00:00","og_image":[{"url":"https:\/\/sanari2021.eus\/wp-content\/uploads\/2024\/07\/business_12143020.png","type":"","width":"","height":""}],"twitter_card":"summary_large_image","twitter_misc":{"Est. reading time":"1 minutua"},"schema":{"@context":"https:\/\/schema.org","@graph":[{"@type":"WebPage","@id":"https:\/\/sanari2021.eus\/servicios\/","url":"https:\/\/sanari2021.eus\/servicios\/","name":"Servicios - San-Ari 2021 S.L.","isPartOf":{"@id":"https:\/\/sanari2021.eus\/#website"},"primaryImageOfPage":{"@id":"https:\/\/sanari2021.eus\/servicios\/#primaryimage"},"image":{"@id":"https:\/\/sanari2021.eus\/servicios\/#primaryimage"},"thumbnailUrl":"https:\/\/sanari2021.eus\/wp-content\/uploads\/2024\/07\/business_12143020.png","datePublished":"2024-07-05T14:54:39+00:00","dateModified":"2024-07-08T09:40:05+00:00","breadcrumb":{"@id":"https:\/\/sanari2021.eus\/servicios\/#breadcrumb"},"inLanguage":"eu","potentialAction":[{"@type":"ReadAction","target":["https:\/\/sanari2021.eus\/servicios\/"]}]},{"@type":"ImageObject","inLanguage":"eu","@id":"https:\/\/sanari2021.eus\/servicios\/#primaryimage","url":"https:\/\/sanari2021.eus\/wp-content\/uploads\/2024\/07\/business_12143020.png","contentUrl":"https:\/\/sanari2021.eus\/wp-content\/uploads\/2024\/07\/business_12143020.png"},{"@type":"BreadcrumbList","@id":"https:\/\/sanari2021.eus\/servicios\/#breadcrumb","itemListElement":[{"@type":"ListItem","position":1,"name":"Portada","item":"https:\/\/sanari2021.eus\/"},{"@type":"ListItem","position":2,"name":"Servicios"}]},{"@type":"WebSite","@id":"https:\/\/sanari2021.eus\/#website","url":"https:\/\/sanari2021.eus\/","name":"San-Ari 2021 S.L.","description":"","publisher":{"@id":"https:\/\/sanari2021.eus\/#organization"},"potentialAction":[{"@type":"SearchAction","target":{"@type":"EntryPoint","urlTemplate":"https:\/\/sanari2021.eus\/?s={search_term_string}"},"query-input":{"@type":"PropertyValueSpecification","valueRequired":true,"valueName":"search_term_string"}}],"inLanguage":"eu"},{"@type":"Organization","@id":"https:\/\/sanari2021.eus\/#organization","name":"San-Ari 2021 S.L.","url":"https:\/\/sanari2021.eus\/","logo":{"@type":"ImageObject","inLanguage":"eu","@id":"https:\/\/sanari2021.eus\/#\/schema\/logo\/image\/","url":"https:\/\/sanari2021.eus\/wp-content\/uploads\/2024\/07\/cropped-LogoSanAri-San-Ari-2021-01.png","contentUrl":"https:\/\/sanari2021.eus\/wp-content\/uploads\/2024\/07\/cropped-LogoSanAri-San-Ari-2021-01.png","width":182,"height":52,"caption":"San-Ari 2021 S.L."},"image":{"@id":"https:\/\/sanari2021.eus\/#\/schema\/logo\/image\/"}}]}},"_links":{"self":[{"href":"https:\/\/sanari2021.eus\/eus\/wp-json\/wp\/v2\/pages\/11","targetHints":{"allow":["GET"]}}],"collection":[{"href":"https:\/\/sanari2021.eus\/eus\/wp-json\/wp\/v2\/pages"}],"about":[{"href":"https:\/\/sanari2021.eus\/eus\/wp-json\/wp\/v2\/types\/page"}],"author":[{"embeddable":true,"href":"https:\/\/sanari2021.eus\/eus\/wp-json\/wp\/v2\/users\/1"}],"replies":[{"embeddable":true,"href":"https:\/\/sanari2021.eus\/eus\/wp-json\/wp\/v2\/comments?post=11"}],"version-history":[{"count":115,"href":"https:\/\/sanari2021.eus\/eus\/wp-json\/wp\/v2\/pages\/11\/revisions"}],"predecessor-version":[{"id":452,"href":"https:\/\/sanari2021.eus\/eus\/wp-json\/wp\/v2\/pages\/11\/revisions\/452"}],"wp:attachment":[{"href":"https:\/\/sanari2021.eus\/eus\/wp-json\/wp\/v2\/media?parent=11"}],"curies":[{"name":"wp","href":"https:\/\/api.w.org\/{rel}","templated":true}]}}