{"id":2,"date":"2024-07-05T14:39:03","date_gmt":"2024-07-05T14:39:03","guid":{"rendered":"https:\/\/sanari2021.rkinformatika.online\/?page_id=2"},"modified":"2024-08-28T13:13:06","modified_gmt":"2024-08-28T13:13:06","slug":"inicio","status":"publish","type":"page","link":"https:\/\/sanari2021.eus\/eus\/","title":{"rendered":"Hasiera"},"content":{"rendered":"\t\t<div data-elementor-type=\"wp-page\" data-elementor-id=\"2\" class=\"elementor elementor-2\" data-elementor-post-type=\"page\">\n\t\t\t\t\t\t<section class=\"elementor-section elementor-top-section elementor-element elementor-element-9342f04 elementor-section-boxed elementor-section-height-default elementor-section-height-default\" data-id=\"9342f04\" data-element_type=\"section\" data-e-type=\"section\" data-settings=\"{&quot;background_background&quot;:&quot;classic&quot;}\">\n\t\t\t\t\t\t\t<div class=\"elementor-background-overlay\"><\/div>\n\t\t\t\t\t\t\t<div class=\"elementor-container elementor-column-gap-default\">\n\t\t\t\t\t<div class=\"elementor-column elementor-col-100 elementor-top-column elementor-element elementor-element-4a9355a\" data-id=\"4a9355a\" data-element_type=\"column\" data-e-type=\"column\">\n\t\t\t<div class=\"elementor-widget-wrap elementor-element-populated\">\n\t\t\t\t\t\t<div class=\"elementor-element elementor-element-92e6ae9 elementor-widget-divider--view-line_text elementor-widget__width-initial elementor-widget-mobile__width-initial elementor-widget-divider--element-align-center elementor-invisible elementor-widget elementor-widget-divider\" data-id=\"92e6ae9\" data-element_type=\"widget\" data-e-type=\"widget\" data-settings=\"{&quot;_animation&quot;:&quot;fadeInRight&quot;}\" data-widget_type=\"divider.default\">\n\t\t\t\t<div class=\"elementor-widget-container\">\n\t\t\t\t\t\t\t<div class=\"elementor-divider\">\n\t\t\t<span class=\"elementor-divider-separator\">\n\t\t\t\t\t\t\t<span class=\"elementor-divider__text elementor-divider__element\">\n\t\t\t\tDesde 2021\t\t\t\t<\/span>\n\t\t\t\t\t\t<\/span>\n\t\t<\/div>\n\t\t\t\t\t\t<\/div>\n\t\t\t\t<\/div>\n\t\t\t\t<div class=\"elementor-element elementor-element-4784b33 elementor-widget-mobile__width-initial elementor-invisible elementor-widget elementor-widget-heading\" data-id=\"4784b33\" data-element_type=\"widget\" data-e-type=\"widget\" data-settings=\"{&quot;_animation&quot;:&quot;zoomIn&quot;}\" data-widget_type=\"heading.default\">\n\t\t\t\t<div class=\"elementor-widget-container\">\n\t\t\t\t\t<h2 class=\"elementor-heading-title elementor-size-default\">BIENVENIDOS A San-Ari<\/h2>\t\t\t\t<\/div>\n\t\t\t\t<\/div>\n\t\t\t\t<div class=\"elementor-element elementor-element-84ce20a elementor-invisible elementor-widget elementor-widget-text-editor\" data-id=\"84ce20a\" data-element_type=\"widget\" data-e-type=\"widget\" data-settings=\"{&quot;_animation&quot;:&quot;fadeInLeft&quot;}\" data-widget_type=\"text-editor.default\">\n\t\t\t\t<div class=\"elementor-widget-container\">\n\t\t\t\t\t\t\t\t\t<p>Potenciamos tu \u00e9xito con consultor\u00eda estrat\u00e9gica y asesoramiento experto.<\/p>\t\t\t\t\t\t\t\t<\/div>\n\t\t\t\t<\/div>\n\t\t\t\t\t<\/div>\n\t\t<\/div>\n\t\t\t\t\t<\/div>\n\t\t<\/section>\n\t\t<div class=\"elementor-element elementor-element-5f2bd010 e-con-full e-flex e-con e-parent\" data-id=\"5f2bd010\" data-element_type=\"container\" data-e-type=\"container\" data-settings=\"{&quot;background_background&quot;:&quot;classic&quot;}\">\n\t\t<div class=\"elementor-element elementor-element-4e9c0174 e-con-full e-flex e-con e-child\" data-id=\"4e9c0174\" data-element_type=\"container\" data-e-type=\"container\">\n\t\t\t\t<div class=\"elementor-element elementor-element-1015bf4e elementor-widget-mobile__width-initial elementor-widget elementor-widget-image\" data-id=\"1015bf4e\" data-element_type=\"widget\" data-e-type=\"widget\" data-settings=\"{&quot;motion_fx_motion_fx_scrolling&quot;:&quot;yes&quot;,&quot;motion_fx_translateY_effect&quot;:&quot;yes&quot;,&quot;motion_fx_translateY_speed&quot;:{&quot;unit&quot;:&quot;px&quot;,&quot;size&quot;:1,&quot;sizes&quot;:[]},&quot;motion_fx_devices&quot;:[&quot;desktop&quot;,&quot;tablet&quot;],&quot;_animation_tablet&quot;:&quot;fadeInLeft&quot;,&quot;motion_fx_translateY_affectedRange&quot;:{&quot;unit&quot;:&quot;%&quot;,&quot;size&quot;:&quot;&quot;,&quot;sizes&quot;:{&quot;start&quot;:0,&quot;end&quot;:100}}}\" data-widget_type=\"image.default\">\n\t\t\t\t<div class=\"elementor-widget-container\">\n\t\t\t\t\t\t\t\t\t\t\t\t\t\t\t<img fetchpriority=\"high\" decoding=\"async\" width=\"800\" height=\"533\" src=\"https:\/\/sanari2021.eus\/wp-content\/uploads\/2024\/07\/business-consulting-meeting-working-and-brainstorming-discussing-business-strategy-analyzing-with-1024x682.jpg\" class=\"attachment-large size-large wp-image-232\" alt=\"Business Consulting meeting working and brainstorming, discussing, business strategy, analyzing with\" srcset=\"https:\/\/sanari2021.eus\/wp-content\/uploads\/2024\/07\/business-consulting-meeting-working-and-brainstorming-discussing-business-strategy-analyzing-with-1024x682.jpg 1024w, https:\/\/sanari2021.eus\/wp-content\/uploads\/2024\/07\/business-consulting-meeting-working-and-brainstorming-discussing-business-strategy-analyzing-with-300x200.jpg 300w, https:\/\/sanari2021.eus\/wp-content\/uploads\/2024\/07\/business-consulting-meeting-working-and-brainstorming-discussing-business-strategy-analyzing-with-768x512.jpg 768w, https:\/\/sanari2021.eus\/wp-content\/uploads\/2024\/07\/business-consulting-meeting-working-and-brainstorming-discussing-business-strategy-analyzing-with-1536x1024.jpg 1536w, https:\/\/sanari2021.eus\/wp-content\/uploads\/2024\/07\/business-consulting-meeting-working-and-brainstorming-discussing-business-strategy-analyzing-with-18x12.jpg 18w, https:\/\/sanari2021.eus\/wp-content\/uploads\/2024\/07\/business-consulting-meeting-working-and-brainstorming-discussing-business-strategy-analyzing-with.jpg 2000w\" sizes=\"(max-width: 800px) 100vw, 800px\" \/>\t\t\t\t\t\t\t\t\t\t\t\t\t\t\t<\/div>\n\t\t\t\t<\/div>\n\t\t\t\t<div class=\"elementor-element elementor-element-7533333f elementor-widget-mobile__width-initial elementor-widget elementor-widget-image\" data-id=\"7533333f\" data-element_type=\"widget\" data-e-type=\"widget\" data-settings=\"{&quot;motion_fx_motion_fx_scrolling&quot;:&quot;yes&quot;,&quot;motion_fx_translateY_effect&quot;:&quot;yes&quot;,&quot;motion_fx_translateY_direction&quot;:&quot;negative&quot;,&quot;motion_fx_translateY_speed&quot;:{&quot;unit&quot;:&quot;px&quot;,&quot;size&quot;:1,&quot;sizes&quot;:[]},&quot;motion_fx_devices&quot;:[&quot;desktop&quot;,&quot;tablet&quot;],&quot;_animation_tablet&quot;:&quot;fadeInRight&quot;,&quot;motion_fx_translateY_affectedRange&quot;:{&quot;unit&quot;:&quot;%&quot;,&quot;size&quot;:&quot;&quot;,&quot;sizes&quot;:{&quot;start&quot;:0,&quot;end&quot;:100}}}\" data-widget_type=\"image.default\">\n\t\t\t\t<div class=\"elementor-widget-container\">\n\t\t\t\t\t\t\t\t\t\t\t\t\t\t\t<img decoding=\"async\" width=\"800\" height=\"533\" src=\"https:\/\/sanari2021.eus\/wp-content\/uploads\/2024\/07\/business-consulting-and-improve-project-successful-businessmen-and-brainstorming-1024x682.jpg\" class=\"attachment-large size-large wp-image-231\" alt=\"Business consulting and improve project successful, businessmen and brainstorming\" srcset=\"https:\/\/sanari2021.eus\/wp-content\/uploads\/2024\/07\/business-consulting-and-improve-project-successful-businessmen-and-brainstorming-1024x682.jpg 1024w, https:\/\/sanari2021.eus\/wp-content\/uploads\/2024\/07\/business-consulting-and-improve-project-successful-businessmen-and-brainstorming-300x200.jpg 300w, https:\/\/sanari2021.eus\/wp-content\/uploads\/2024\/07\/business-consulting-and-improve-project-successful-businessmen-and-brainstorming-768x512.jpg 768w, https:\/\/sanari2021.eus\/wp-content\/uploads\/2024\/07\/business-consulting-and-improve-project-successful-businessmen-and-brainstorming-1536x1024.jpg 1536w, https:\/\/sanari2021.eus\/wp-content\/uploads\/2024\/07\/business-consulting-and-improve-project-successful-businessmen-and-brainstorming-18x12.jpg 18w, https:\/\/sanari2021.eus\/wp-content\/uploads\/2024\/07\/business-consulting-and-improve-project-successful-businessmen-and-brainstorming.jpg 2000w\" sizes=\"(max-width: 800px) 100vw, 800px\" \/>\t\t\t\t\t\t\t\t\t\t\t\t\t\t\t<\/div>\n\t\t\t\t<\/div>\n\t\t\t\t<\/div>\n\t\t<div class=\"elementor-element elementor-element-c205781 e-con-full e-flex e-con e-child\" data-id=\"c205781\" data-element_type=\"container\" data-e-type=\"container\">\n\t\t\t\t<div class=\"elementor-element elementor-element-280308ac elementor-invisible elementor-widget elementor-widget-heading\" data-id=\"280308ac\" data-element_type=\"widget\" data-e-type=\"widget\" data-settings=\"{&quot;_animation&quot;:&quot;fadeIn&quot;}\" data-widget_type=\"heading.default\">\n\t\t\t\t<div class=\"elementor-widget-container\">\n\t\t\t\t\t<h1 class=\"elementor-heading-title elementor-size-default\">Acerca de Nosotros<\/h1>\t\t\t\t<\/div>\n\t\t\t\t<\/div>\n\t\t\t\t<div class=\"elementor-element elementor-element-567c5a elementor-invisible elementor-widget elementor-widget-text-editor\" data-id=\"567c5a\" data-element_type=\"widget\" data-e-type=\"widget\" data-settings=\"{&quot;_animation&quot;:&quot;fadeIn&quot;,&quot;_animation_delay&quot;:200}\" data-widget_type=\"text-editor.default\">\n\t\t\t\t<div class=\"elementor-widget-container\">\n\t\t\t\t\t\t\t\t\t<p>Nos enfocamos en ofrecer asesor\u00eda integral a empresas y particulares. Nuestro equipo est\u00e1 compuesto por profesionales con una vasta experiencia en el \u00e1mbito empresarial y de gesti\u00f3n. Nuestra misi\u00f3n es impulsar y facilitar el logro de los indicadores clave de su organizaci\u00f3n. Brindamos soluciones completas y un servicio 360\u00ba, transformando su proyecto en una inversi\u00f3n de gran valor y alta calidad.<\/p>\t\t\t\t\t\t\t\t<\/div>\n\t\t\t\t<\/div>\n\t\t\t\t<\/div>\n\t\t\t\t<\/div>\n\t\t\t\t<section class=\"elementor-section elementor-top-section elementor-element elementor-element-d829085 elementor-section-full_width elementor-section-height-default elementor-section-height-default\" data-id=\"d829085\" data-element_type=\"section\" data-e-type=\"section\" data-settings=\"{&quot;background_background&quot;:&quot;classic&quot;}\">\n\t\t\t\t\t\t\t<div class=\"elementor-background-overlay\"><\/div>\n\t\t\t\t\t\t\t<div class=\"elementor-container elementor-column-gap-default\">\n\t\t\t\t\t<div class=\"elementor-column elementor-col-100 elementor-top-column elementor-element elementor-element-c1b1e26 elementor-invisible\" data-id=\"c1b1e26\" data-element_type=\"column\" data-e-type=\"column\" data-settings=\"{&quot;animation&quot;:&quot;fadeIn&quot;}\">\n\t\t\t<div class=\"elementor-widget-wrap elementor-element-populated\">\n\t\t\t\t\t\t<div class=\"elementor-element elementor-element-0634205 elementor-widget elementor-widget-text-editor\" data-id=\"0634205\" data-element_type=\"widget\" data-e-type=\"widget\" data-widget_type=\"text-editor.default\">\n\t\t\t\t<div class=\"elementor-widget-container\">\n\t\t\t\t\t\t\t\t\t<p>Estamos aqu\u00ed para ofrecerte orientaci\u00f3n y asesoramiento en todo momento.<\/p>\t\t\t\t\t\t\t\t<\/div>\n\t\t\t\t<\/div>\n\t\t\t\t<div class=\"elementor-element elementor-element-2e2f8d8 elementor-align-center elementor-widget elementor-widget-button\" data-id=\"2e2f8d8\" data-element_type=\"widget\" data-e-type=\"widget\" data-widget_type=\"button.default\">\n\t\t\t\t<div class=\"elementor-widget-container\">\n\t\t\t\t\t\t\t\t\t<div class=\"elementor-button-wrapper\">\n\t\t\t\t\t<a class=\"elementor-button elementor-button-link elementor-size-sm\" href=\"https:\/\/sanari2021.eus\/contacto\/\">\n\t\t\t\t\t\t<span class=\"elementor-button-content-wrapper\">\n\t\t\t\t\t\t\t\t\t<span class=\"elementor-button-text\">Cont\u00e1ctanos<\/span>\n\t\t\t\t\t<\/span>\n\t\t\t\t\t<\/a>\n\t\t\t\t<\/div>\n\t\t\t\t\t\t\t\t<\/div>\n\t\t\t\t<\/div>\n\t\t\t\t\t<\/div>\n\t\t<\/div>\n\t\t\t\t\t<\/div>\n\t\t<\/section>\n\t\t\t\t<\/div>\n\t\t","protected":false},"excerpt":{"rendered":"<p>Desde 2021 BIENVENIDOS A San-Ari Potenciamos tu \u00e9xito con consultor\u00eda estrat\u00e9gica y asesoramiento experto. Acerca de Nosotros Nos enfocamos en ofrecer asesor\u00eda integral a empresas y particulares. Nuestro equipo est\u00e1 compuesto por profesionales con una vasta experiencia en el \u00e1mbito empresarial y de gesti\u00f3n. Nuestra misi\u00f3n es impulsar y facilitar el logro de los indicadores [&hellip;]<\/p>\n","protected":false},"author":1,"featured_media":0,"parent":0,"menu_order":0,"comment_status":"closed","ping_status":"closed","template":"elementor_canvas","meta":{"footnotes":""},"class_list":["post-2","page","type-page","status-publish","hentry"],"yoast_head":"<!-- This site is optimized with the Yoast SEO plugin v27.3 - https:\/\/yoast.com\/product\/yoast-seo-wordpress\/ -->\n<title>Inicio - San-Ari 2021 S.L.<\/title>\n<meta name=\"robots\" content=\"index, follow, max-snippet:-1, max-image-preview:large, max-video-preview:-1\" \/>\n<link rel=\"canonical\" href=\"https:\/\/sanari2021.eus\/eus\/\" \/>\n<meta property=\"og:locale\" content=\"en_US\" \/>\n<meta property=\"og:type\" content=\"article\" \/>\n<meta property=\"og:title\" content=\"Inicio - San-Ari 2021 S.L.\" \/>\n<meta property=\"og:description\" content=\"Desde 2021 BIENVENIDOS A San-Ari Potenciamos tu \u00e9xito con consultor\u00eda estrat\u00e9gica y asesoramiento experto. Acerca de Nosotros Nos enfocamos en ofrecer asesor\u00eda integral a empresas y particulares. Nuestro equipo est\u00e1 compuesto por profesionales con una vasta experiencia en el \u00e1mbito empresarial y de gesti\u00f3n. Nuestra misi\u00f3n es impulsar y facilitar el logro de los indicadores [&hellip;]\" \/>\n<meta property=\"og:url\" content=\"https:\/\/sanari2021.eus\/eus\/\" \/>\n<meta property=\"og:site_name\" content=\"San-Ari 2021 S.L.\" \/>\n<meta property=\"article:modified_time\" content=\"2024-08-28T13:13:06+00:00\" \/>\n<meta property=\"og:image\" content=\"https:\/\/sanari2021.eus\/wp-content\/uploads\/2024\/07\/business-consulting-meeting-working-and-brainstorming-discussing-business-strategy-analyzing-with-1024x682.jpg\" \/>\n<meta name=\"twitter:card\" content=\"summary_large_image\" \/>\n<meta name=\"twitter:label1\" content=\"Est. reading time\" \/>\n\t<meta name=\"twitter:data1\" content=\"1 minutua\" \/>\n<script type=\"application\/ld+json\" class=\"yoast-schema-graph\">{\"@context\":\"https:\\\/\\\/schema.org\",\"@graph\":[{\"@type\":\"WebPage\",\"@id\":\"https:\\\/\\\/sanari2021.eus\\\/\",\"url\":\"https:\\\/\\\/sanari2021.eus\\\/\",\"name\":\"Inicio - San-Ari 2021 S.L.\",\"isPartOf\":{\"@id\":\"https:\\\/\\\/sanari2021.eus\\\/#website\"},\"primaryImageOfPage\":{\"@id\":\"https:\\\/\\\/sanari2021.eus\\\/#primaryimage\"},\"image\":{\"@id\":\"https:\\\/\\\/sanari2021.eus\\\/#primaryimage\"},\"thumbnailUrl\":\"https:\\\/\\\/sanari2021.eus\\\/wp-content\\\/uploads\\\/2024\\\/07\\\/business-consulting-meeting-working-and-brainstorming-discussing-business-strategy-analyzing-with-1024x682.jpg\",\"datePublished\":\"2024-07-05T14:39:03+00:00\",\"dateModified\":\"2024-08-28T13:13:06+00:00\",\"breadcrumb\":{\"@id\":\"https:\\\/\\\/sanari2021.eus\\\/#breadcrumb\"},\"inLanguage\":\"eu\",\"potentialAction\":[{\"@type\":\"ReadAction\",\"target\":[\"https:\\\/\\\/sanari2021.eus\\\/\"]}]},{\"@type\":\"ImageObject\",\"inLanguage\":\"eu\",\"@id\":\"https:\\\/\\\/sanari2021.eus\\\/#primaryimage\",\"url\":\"https:\\\/\\\/sanari2021.eus\\\/wp-content\\\/uploads\\\/2024\\\/07\\\/business-consulting-meeting-working-and-brainstorming-discussing-business-strategy-analyzing-with-1024x682.jpg\",\"contentUrl\":\"https:\\\/\\\/sanari2021.eus\\\/wp-content\\\/uploads\\\/2024\\\/07\\\/business-consulting-meeting-working-and-brainstorming-discussing-business-strategy-analyzing-with-1024x682.jpg\"},{\"@type\":\"BreadcrumbList\",\"@id\":\"https:\\\/\\\/sanari2021.eus\\\/#breadcrumb\",\"itemListElement\":[{\"@type\":\"ListItem\",\"position\":1,\"name\":\"Portada\",\"item\":\"https:\\\/\\\/sanari2021.eus\\\/\"},{\"@type\":\"ListItem\",\"position\":2,\"name\":\"Inicio\"}]},{\"@type\":\"WebSite\",\"@id\":\"https:\\\/\\\/sanari2021.eus\\\/#website\",\"url\":\"https:\\\/\\\/sanari2021.eus\\\/\",\"name\":\"San-Ari 2021 S.L.\",\"description\":\"\",\"publisher\":{\"@id\":\"https:\\\/\\\/sanari2021.eus\\\/#organization\"},\"potentialAction\":[{\"@type\":\"SearchAction\",\"target\":{\"@type\":\"EntryPoint\",\"urlTemplate\":\"https:\\\/\\\/sanari2021.eus\\\/?s={search_term_string}\"},\"query-input\":{\"@type\":\"PropertyValueSpecification\",\"valueRequired\":true,\"valueName\":\"search_term_string\"}}],\"inLanguage\":\"eu\"},{\"@type\":\"Organization\",\"@id\":\"https:\\\/\\\/sanari2021.eus\\\/#organization\",\"name\":\"San-Ari 2021 S.L.\",\"url\":\"https:\\\/\\\/sanari2021.eus\\\/\",\"logo\":{\"@type\":\"ImageObject\",\"inLanguage\":\"eu\",\"@id\":\"https:\\\/\\\/sanari2021.eus\\\/#\\\/schema\\\/logo\\\/image\\\/\",\"url\":\"https:\\\/\\\/sanari2021.eus\\\/wp-content\\\/uploads\\\/2024\\\/07\\\/cropped-LogoSanAri-San-Ari-2021-01.png\",\"contentUrl\":\"https:\\\/\\\/sanari2021.eus\\\/wp-content\\\/uploads\\\/2024\\\/07\\\/cropped-LogoSanAri-San-Ari-2021-01.png\",\"width\":182,\"height\":52,\"caption\":\"San-Ari 2021 S.L.\"},\"image\":{\"@id\":\"https:\\\/\\\/sanari2021.eus\\\/#\\\/schema\\\/logo\\\/image\\\/\"}}]}<\/script>\n<!-- \/ Yoast SEO plugin. -->","yoast_head_json":{"title":"Inicio - San-Ari 2021 S.L.","robots":{"index":"index","follow":"follow","max-snippet":"max-snippet:-1","max-image-preview":"max-image-preview:large","max-video-preview":"max-video-preview:-1"},"canonical":"https:\/\/sanari2021.eus\/eus\/","og_locale":"en_US","og_type":"article","og_title":"Inicio - San-Ari 2021 S.L.","og_description":"Desde 2021 BIENVENIDOS A San-Ari Potenciamos tu \u00e9xito con consultor\u00eda estrat\u00e9gica y asesoramiento experto. Acerca de Nosotros Nos enfocamos en ofrecer asesor\u00eda integral a empresas y particulares. Nuestro equipo est\u00e1 compuesto por profesionales con una vasta experiencia en el \u00e1mbito empresarial y de gesti\u00f3n. Nuestra misi\u00f3n es impulsar y facilitar el logro de los indicadores [&hellip;]","og_url":"https:\/\/sanari2021.eus\/eus\/","og_site_name":"San-Ari 2021 S.L.","article_modified_time":"2024-08-28T13:13:06+00:00","og_image":[{"url":"https:\/\/sanari2021.eus\/wp-content\/uploads\/2024\/07\/business-consulting-meeting-working-and-brainstorming-discussing-business-strategy-analyzing-with-1024x682.jpg","type":"","width":"","height":""}],"twitter_card":"summary_large_image","twitter_misc":{"Est. reading time":"1 minutua"},"schema":{"@context":"https:\/\/schema.org","@graph":[{"@type":"WebPage","@id":"https:\/\/sanari2021.eus\/","url":"https:\/\/sanari2021.eus\/","name":"Inicio - San-Ari 2021 S.L.","isPartOf":{"@id":"https:\/\/sanari2021.eus\/#website"},"primaryImageOfPage":{"@id":"https:\/\/sanari2021.eus\/#primaryimage"},"image":{"@id":"https:\/\/sanari2021.eus\/#primaryimage"},"thumbnailUrl":"https:\/\/sanari2021.eus\/wp-content\/uploads\/2024\/07\/business-consulting-meeting-working-and-brainstorming-discussing-business-strategy-analyzing-with-1024x682.jpg","datePublished":"2024-07-05T14:39:03+00:00","dateModified":"2024-08-28T13:13:06+00:00","breadcrumb":{"@id":"https:\/\/sanari2021.eus\/#breadcrumb"},"inLanguage":"eu","potentialAction":[{"@type":"ReadAction","target":["https:\/\/sanari2021.eus\/"]}]},{"@type":"ImageObject","inLanguage":"eu","@id":"https:\/\/sanari2021.eus\/#primaryimage","url":"https:\/\/sanari2021.eus\/wp-content\/uploads\/2024\/07\/business-consulting-meeting-working-and-brainstorming-discussing-business-strategy-analyzing-with-1024x682.jpg","contentUrl":"https:\/\/sanari2021.eus\/wp-content\/uploads\/2024\/07\/business-consulting-meeting-working-and-brainstorming-discussing-business-strategy-analyzing-with-1024x682.jpg"},{"@type":"BreadcrumbList","@id":"https:\/\/sanari2021.eus\/#breadcrumb","itemListElement":[{"@type":"ListItem","position":1,"name":"Portada","item":"https:\/\/sanari2021.eus\/"},{"@type":"ListItem","position":2,"name":"Inicio"}]},{"@type":"WebSite","@id":"https:\/\/sanari2021.eus\/#website","url":"https:\/\/sanari2021.eus\/","name":"San-Ari 2021 S.L.","description":"","publisher":{"@id":"https:\/\/sanari2021.eus\/#organization"},"potentialAction":[{"@type":"SearchAction","target":{"@type":"EntryPoint","urlTemplate":"https:\/\/sanari2021.eus\/?s={search_term_string}"},"query-input":{"@type":"PropertyValueSpecification","valueRequired":true,"valueName":"search_term_string"}}],"inLanguage":"eu"},{"@type":"Organization","@id":"https:\/\/sanari2021.eus\/#organization","name":"San-Ari 2021 S.L.","url":"https:\/\/sanari2021.eus\/","logo":{"@type":"ImageObject","inLanguage":"eu","@id":"https:\/\/sanari2021.eus\/#\/schema\/logo\/image\/","url":"https:\/\/sanari2021.eus\/wp-content\/uploads\/2024\/07\/cropped-LogoSanAri-San-Ari-2021-01.png","contentUrl":"https:\/\/sanari2021.eus\/wp-content\/uploads\/2024\/07\/cropped-LogoSanAri-San-Ari-2021-01.png","width":182,"height":52,"caption":"San-Ari 2021 S.L."},"image":{"@id":"https:\/\/sanari2021.eus\/#\/schema\/logo\/image\/"}}]}},"_links":{"self":[{"href":"https:\/\/sanari2021.eus\/eus\/wp-json\/wp\/v2\/pages\/2","targetHints":{"allow":["GET"]}}],"collection":[{"href":"https:\/\/sanari2021.eus\/eus\/wp-json\/wp\/v2\/pages"}],"about":[{"href":"https:\/\/sanari2021.eus\/eus\/wp-json\/wp\/v2\/types\/page"}],"author":[{"embeddable":true,"href":"https:\/\/sanari2021.eus\/eus\/wp-json\/wp\/v2\/users\/1"}],"replies":[{"embeddable":true,"href":"https:\/\/sanari2021.eus\/eus\/wp-json\/wp\/v2\/comments?post=2"}],"version-history":[{"count":115,"href":"https:\/\/sanari2021.eus\/eus\/wp-json\/wp\/v2\/pages\/2\/revisions"}],"predecessor-version":[{"id":459,"href":"https:\/\/sanari2021.eus\/eus\/wp-json\/wp\/v2\/pages\/2\/revisions\/459"}],"wp:attachment":[{"href":"https:\/\/sanari2021.eus\/eus\/wp-json\/wp\/v2\/media?parent=2"}],"curies":[{"name":"wp","href":"https:\/\/api.w.org\/{rel}","templated":true}]}}